{"id":1912,"date":"2020-06-23T11:41:21","date_gmt":"2020-06-23T11:41:21","guid":{"rendered":"https:\/\/famanfil.com\/a-propos-de-nous\/"},"modified":"2023-08-14T10:35:54","modified_gmt":"2023-08-14T10:35:54","slug":"a-propos-de-nous","status":"publish","type":"page","link":"https:\/\/famanfil.com\/fr\/a-propos-de-nous\/","title":{"rendered":"\u00c0 propos de nous"},"content":{"rendered":"\t\t<div data-elementor-type=\"wp-page\" data-elementor-id=\"1912\" class=\"elementor elementor-1912 elementor-56\">\n\t\t\t\t\t\t\t\t\t<section class=\"elementor-section elementor-top-section elementor-element elementor-element-95ee88c elementor-section-boxed elementor-section-height-default elementor-section-height-default\" data-id=\"95ee88c\" data-element_type=\"section\" data-settings=\"{&quot;jet_parallax_layout_list&quot;:[{&quot;_id&quot;:&quot;bd17729&quot;,&quot;jet_parallax_layout_speed&quot;:{&quot;unit&quot;:&quot;%&quot;,&quot;size&quot;:&quot;50&quot;,&quot;sizes&quot;:[]},&quot;jet_parallax_layout_bg_x&quot;:&quot;50&quot;,&quot;jet_parallax_layout_bg_y&quot;:&quot;50&quot;,&quot;jet_parallax_layout_image&quot;:{&quot;url&quot;:&quot;&quot;,&quot;id&quot;:&quot;&quot;,&quot;size&quot;:&quot;&quot;},&quot;jet_parallax_layout_image_tablet&quot;:{&quot;url&quot;:&quot;&quot;,&quot;id&quot;:&quot;&quot;,&quot;size&quot;:&quot;&quot;},&quot;jet_parallax_layout_image_mobile&quot;:{&quot;url&quot;:&quot;&quot;,&quot;id&quot;:&quot;&quot;,&quot;size&quot;:&quot;&quot;},&quot;jet_parallax_layout_type&quot;:&quot;scroll&quot;,&quot;jet_parallax_layout_direction&quot;:null,&quot;jet_parallax_layout_fx_direction&quot;:null,&quot;jet_parallax_layout_z_index&quot;:&quot;&quot;,&quot;jet_parallax_layout_bg_x_tablet&quot;:&quot;&quot;,&quot;jet_parallax_layout_bg_x_mobile&quot;:&quot;&quot;,&quot;jet_parallax_layout_bg_y_tablet&quot;:&quot;&quot;,&quot;jet_parallax_layout_bg_y_mobile&quot;:&quot;&quot;,&quot;jet_parallax_layout_bg_size&quot;:&quot;auto&quot;,&quot;jet_parallax_layout_bg_size_tablet&quot;:&quot;&quot;,&quot;jet_parallax_layout_bg_size_mobile&quot;:&quot;&quot;,&quot;jet_parallax_layout_animation_prop&quot;:&quot;transform&quot;,&quot;jet_parallax_layout_on&quot;:[&quot;desktop&quot;,&quot;tablet&quot;]}],&quot;background_background&quot;:&quot;classic&quot;}\">\n\t\t\t\t\t\t\t<div class=\"elementor-background-overlay\"><\/div>\n\t\t\t\t\t\t\t<div class=\"elementor-container elementor-column-gap-no\">\n\t\t\t\t\t<div class=\"elementor-column elementor-col-100 elementor-top-column elementor-element elementor-element-2fa20546\" data-id=\"2fa20546\" data-element_type=\"column\">\n\t\t\t<div class=\"elementor-widget-wrap elementor-element-populated\">\n\t\t\t\t\t\t\t\t<div class=\"elementor-element elementor-element-2a621643 elementor-widget elementor-widget-heading\" data-id=\"2a621643\" data-element_type=\"widget\" data-widget_type=\"heading.default\">\n\t\t\t\t<div class=\"elementor-widget-container\">\n\t\t\t<style>\/*! elementor - v3.15.0 - 09-08-2023 *\/\n.elementor-heading-title{padding:0;margin:0;line-height:1}.elementor-widget-heading .elementor-heading-title[class*=elementor-size-]>a{color:inherit;font-size:inherit;line-height:inherit}.elementor-widget-heading .elementor-heading-title.elementor-size-small{font-size:15px}.elementor-widget-heading .elementor-heading-title.elementor-size-medium{font-size:19px}.elementor-widget-heading .elementor-heading-title.elementor-size-large{font-size:29px}.elementor-widget-heading .elementor-heading-title.elementor-size-xl{font-size:39px}.elementor-widget-heading .elementor-heading-title.elementor-size-xxl{font-size:59px}<\/style><h1 class=\"elementor-heading-title elementor-size-default\">\u00c0 propos de nous<\/h1>\t\t<\/div>\n\t\t\t\t<\/div>\n\t\t\t\t<div class=\"elementor-element elementor-element-c13555b elementor-widget elementor-widget-text-editor\" data-id=\"c13555b\" data-element_type=\"widget\" data-widget_type=\"text-editor.default\">\n\t\t\t\t<div class=\"elementor-widget-container\">\n\t\t\t<style>\/*! elementor - v3.15.0 - 09-08-2023 *\/\n.elementor-widget-text-editor.elementor-drop-cap-view-stacked .elementor-drop-cap{background-color:#69727d;color:#fff}.elementor-widget-text-editor.elementor-drop-cap-view-framed .elementor-drop-cap{color:#69727d;border:3px solid;background-color:transparent}.elementor-widget-text-editor:not(.elementor-drop-cap-view-default) .elementor-drop-cap{margin-top:8px}.elementor-widget-text-editor:not(.elementor-drop-cap-view-default) .elementor-drop-cap-letter{width:1em;height:1em}.elementor-widget-text-editor .elementor-drop-cap{float:left;text-align:center;line-height:1;font-size:50px}.elementor-widget-text-editor .elementor-drop-cap-letter{display:inline-block}<\/style>\t\t\t\t<p>Famanfil a \u00e9t\u00e9 cr\u00e9\u00e9 en 2001 et depuis lors, il est le moteur de l&rsquo;industrie de la filtration.<\/p>\n<p>En 22 ans, les employ\u00e9s sont devenus des amis, les clients sont devenus des partenaires et les produits que nous avons d\u00e9velopp\u00e9s sont devenus les moyens de cr\u00e9er un environnement d&rsquo;avenir.<\/p>\n<p>Nous intervenons dans diff\u00e9rents types d&rsquo;industries : cimenterie, charbon, centrales thermiques, chimiques et p\u00e9trochimiques, engrais, produits pharmaceutiques, d\u00e9tergents, chaudi\u00e8res, \u00e9tuves de s\u00e9chage, fours \u00e9lectriques, fonderies, fibrociment, min\u00e9raux, carri\u00e8res, galvanisation, sid\u00e9rurgie, industrie automobile, aluminium , alimentation, papeterie, asphalte, li\u00e8ge, etc.<\/p>\n<p>Nous d\u00e9veloppons des solutions sur mesure, telles que : manchons filtrants, porte-manchons factices, cartouches filtrantes, colliers union tube, produits d&#8217;emboutissage m\u00e9canique, assistance technique.<\/p>\n\t\t\t\t\t\t<\/div>\n\t\t\t\t<\/div>\n\t\t\t\t\t<\/div>\n\t\t<\/div>\n\t\t\t\t\t\t\t<\/div>\n\t\t<\/section>\n\t\t\t\t<section class=\"elementor-section elementor-top-section elementor-element elementor-element-170c783 elementor-section-boxed elementor-section-height-default elementor-section-height-default\" data-id=\"170c783\" data-element_type=\"section\" data-settings=\"{&quot;jet_parallax_layout_list&quot;:[{&quot;jet_parallax_layout_image&quot;:{&quot;url&quot;:&quot;&quot;,&quot;id&quot;:&quot;&quot;,&quot;size&quot;:&quot;&quot;},&quot;_id&quot;:&quot;1ae6acf&quot;,&quot;jet_parallax_layout_image_tablet&quot;:{&quot;url&quot;:&quot;&quot;,&quot;id&quot;:&quot;&quot;,&quot;size&quot;:&quot;&quot;},&quot;jet_parallax_layout_image_mobile&quot;:{&quot;url&quot;:&quot;&quot;,&quot;id&quot;:&quot;&quot;,&quot;size&quot;:&quot;&quot;},&quot;jet_parallax_layout_speed&quot;:{&quot;unit&quot;:&quot;%&quot;,&quot;size&quot;:&quot;50&quot;,&quot;sizes&quot;:[]},&quot;jet_parallax_layout_bg_x&quot;:&quot;50&quot;,&quot;jet_parallax_layout_bg_y&quot;:&quot;50&quot;,&quot;jet_parallax_layout_type&quot;:&quot;scroll&quot;,&quot;jet_parallax_layout_direction&quot;:null,&quot;jet_parallax_layout_fx_direction&quot;:null,&quot;jet_parallax_layout_z_index&quot;:&quot;&quot;,&quot;jet_parallax_layout_bg_x_tablet&quot;:&quot;&quot;,&quot;jet_parallax_layout_bg_x_mobile&quot;:&quot;&quot;,&quot;jet_parallax_layout_bg_y_tablet&quot;:&quot;&quot;,&quot;jet_parallax_layout_bg_y_mobile&quot;:&quot;&quot;,&quot;jet_parallax_layout_bg_size&quot;:&quot;auto&quot;,&quot;jet_parallax_layout_bg_size_tablet&quot;:&quot;&quot;,&quot;jet_parallax_layout_bg_size_mobile&quot;:&quot;&quot;,&quot;jet_parallax_layout_animation_prop&quot;:&quot;transform&quot;,&quot;jet_parallax_layout_on&quot;:[&quot;desktop&quot;,&quot;tablet&quot;]}]}\">\n\t\t\t\t\t\t<div class=\"elementor-container elementor-column-gap-wide\">\n\t\t\t\t\t<div class=\"elementor-column elementor-col-50 elementor-top-column elementor-element elementor-element-6288f02\" data-id=\"6288f02\" data-element_type=\"column\">\n\t\t\t<div class=\"elementor-widget-wrap elementor-element-populated\">\n\t\t\t\t\t\t\t\t<div class=\"elementor-element elementor-element-ed609ce elementor-arrows-position-inside elementor-pagination-position-outside elementor-widget elementor-widget-image-carousel\" data-id=\"ed609ce\" data-element_type=\"widget\" data-settings=\"{&quot;slides_to_show&quot;:&quot;1&quot;,&quot;navigation&quot;:&quot;both&quot;,&quot;autoplay&quot;:&quot;yes&quot;,&quot;pause_on_hover&quot;:&quot;yes&quot;,&quot;pause_on_interaction&quot;:&quot;yes&quot;,&quot;autoplay_speed&quot;:5000,&quot;infinite&quot;:&quot;yes&quot;,&quot;effect&quot;:&quot;slide&quot;,&quot;speed&quot;:500}\" data-widget_type=\"image-carousel.default\">\n\t\t\t\t<div class=\"elementor-widget-container\">\n\t\t\t<style>\/*! elementor - v3.15.0 - 09-08-2023 *\/\n.elementor-widget-image-carousel .swiper,.elementor-widget-image-carousel .swiper-container{position:static}.elementor-widget-image-carousel .swiper-container .swiper-slide figure,.elementor-widget-image-carousel .swiper .swiper-slide figure{line-height:inherit}.elementor-widget-image-carousel .swiper-slide{text-align:center}.elementor-image-carousel-wrapper:not(.swiper-container-initialized):not(.swiper-initialized) .swiper-slide{max-width:calc(100% \/ var(--e-image-carousel-slides-to-show, 3))}<\/style>\t\t<div class=\"elementor-image-carousel-wrapper swiper\" dir=\"ltr\">\n\t\t\t<div class=\"elementor-image-carousel swiper-wrapper\" aria-live=\"off\">\n\t\t\t\t\t\t\t\t<div class=\"swiper-slide\" role=\"group\" aria-roledescription=\"slide\" aria-label=\"1 sur 1\"><figure class=\"swiper-slide-inner\"><img decoding=\"async\" class=\"swiper-slide-image\" src=\"https:\/\/famanfil.com\/wp-content\/uploads\/2023\/07\/Imagem-e1691536648468-1024x623.jpg\" alt=\"Imagem\" \/><\/figure><\/div>\t\t\t<\/div>\n\t\t\t\t\t<\/div>\n\t\t\t\t<\/div>\n\t\t\t\t<\/div>\n\t\t\t\t\t<\/div>\n\t\t<\/div>\n\t\t\t\t<div class=\"elementor-column elementor-col-50 elementor-top-column elementor-element elementor-element-092b02f\" data-id=\"092b02f\" data-element_type=\"column\">\n\t\t\t<div class=\"elementor-widget-wrap elementor-element-populated\">\n\t\t\t\t\t\t\t\t<div class=\"elementor-element elementor-element-f1a4ab3 elementor-widget elementor-widget-heading\" data-id=\"f1a4ab3\" data-element_type=\"widget\" data-widget_type=\"heading.default\">\n\t\t\t\t<div class=\"elementor-widget-container\">\n\t\t\t<h2 class=\"elementor-heading-title elementor-size-default\">Notre vision<\/h2>\t\t<\/div>\n\t\t\t\t<\/div>\n\t\t\t\t<div class=\"elementor-element elementor-element-49b7316 elementor-widget elementor-widget-text-editor\" data-id=\"49b7316\" data-element_type=\"widget\" data-widget_type=\"text-editor.default\">\n\t\t\t\t<div class=\"elementor-widget-container\">\n\t\t\t\t\t\t\t<p>Dans un souci constant de l&rsquo;environnement, notre technologie \u00e9volue \u00e0 chaque instant \u00e0 la recherche de la meilleure r\u00e9solution pour les probl\u00e8mes qui se pr\u00e9sentent \u00e0 nous. Nous sommes donc en mesure d&rsquo;offrir des solutions adapt\u00e9es aux besoins sp\u00e9cifiques de chaque cas, en maintenant une mise \u00e0 jour technique et humaine continue pour cette raison. <\/p>\n<p>Nous sommes une entreprise leader dans la fabrication et la commercialisation de consommables pour le d\u00e9poussi\u00e9rage dans tous les types d&rsquo;industries.<\/p>\n\t\t\t\t\t\t<\/div>\n\t\t\t\t<\/div>\n\t\t\t\t<section class=\"elementor-section elementor-inner-section elementor-element elementor-element-541419f elementor-section-boxed elementor-section-height-default elementor-section-height-default\" data-id=\"541419f\" data-element_type=\"section\" data-settings=\"{&quot;jet_parallax_layout_list&quot;:[]}\">\n\t\t\t\t\t\t<div class=\"elementor-container elementor-column-gap-default\">\n\t\t\t\t\t<div class=\"elementor-column elementor-col-50 elementor-inner-column elementor-element elementor-element-5d42bdb\" data-id=\"5d42bdb\" data-element_type=\"column\">\n\t\t\t<div class=\"elementor-widget-wrap elementor-element-populated\">\n\t\t\t\t\t\t\t\t<div class=\"elementor-element elementor-element-a1eaad5 elementor-widget elementor-widget-image\" data-id=\"a1eaad5\" data-element_type=\"widget\" data-widget_type=\"image.default\">\n\t\t\t\t<div class=\"elementor-widget-container\">\n\t\t\t<style>\/*! elementor - v3.15.0 - 09-08-2023 *\/\n.elementor-widget-image{text-align:center}.elementor-widget-image a{display:inline-block}.elementor-widget-image a img[src$=\".svg\"]{width:48px}.elementor-widget-image img{vertical-align:middle;display:inline-block}<\/style>\t\t\t\t\t\t\t\t\t\t\t\t<img decoding=\"async\" src=\"https:\/\/famanfil.com\/wp-content\/uploads\/elementor\/thumbs\/logo_PME_L-qapsfydve42wjlpcggllaiblze58vpzhr7af2p97nk.png\" title=\"logo_PME_L\" alt=\"logo_PME_L\" loading=\"lazy\" \/>\t\t\t\t\t\t\t\t\t\t\t\t\t\t\t<\/div>\n\t\t\t\t<\/div>\n\t\t\t\t\t<\/div>\n\t\t<\/div>\n\t\t\t\t<div class=\"elementor-column elementor-col-50 elementor-inner-column elementor-element elementor-element-f329d23\" data-id=\"f329d23\" data-element_type=\"column\">\n\t\t\t<div class=\"elementor-widget-wrap elementor-element-populated\">\n\t\t\t\t\t\t\t\t<div class=\"elementor-element elementor-element-c11d9ea elementor-widget elementor-widget-image\" data-id=\"c11d9ea\" data-element_type=\"widget\" data-widget_type=\"image.default\">\n\t\t\t\t<div class=\"elementor-widget-container\">\n\t\t\t\t\t\t\t\t\t\t\t\t\t\t\t<img decoding=\"async\" src=\"https:\/\/famanfil.com\/wp-content\/uploads\/elementor\/thumbs\/logo_PME_E-qapsfwi70g0bwds2rfsc5isosmeigbs12xzg45c000.png\" title=\"logo_PME_E\" alt=\"logo_PME_E\" loading=\"lazy\" \/>\t\t\t\t\t\t\t\t\t\t\t\t\t\t\t<\/div>\n\t\t\t\t<\/div>\n\t\t\t\t\t<\/div>\n\t\t<\/div>\n\t\t\t\t\t\t\t<\/div>\n\t\t<\/section>\n\t\t\t\t\t<\/div>\n\t\t<\/div>\n\t\t\t\t\t\t\t<\/div>\n\t\t<\/section>\n\t\t\t\t\t\t\t<\/div>\n\t\t","protected":false},"excerpt":{"rendered":"<p>\u00c0 propos de nous Famanfil a \u00e9t\u00e9 cr\u00e9\u00e9 en 2001 et depuis lors, il est le moteur de l&rsquo;industrie de la filtration. En 22 ans, les employ\u00e9s sont devenus des amis, les clients sont devenus des partenaires et les produits que nous avons d\u00e9velopp\u00e9s sont devenus les moyens de cr\u00e9er un environnement d&rsquo;avenir. Nous intervenons [&hellip;]<\/p>\n","protected":false},"author":2,"featured_media":0,"parent":0,"menu_order":0,"comment_status":"closed","ping_status":"closed","template":"full-width.php","meta":{"footnotes":""},"class_list":["post-1912","page","type-page","status-publish","hentry"],"acf":[],"yoast_head":"<!-- This site is optimized with the Yoast SEO plugin v20.13 - https:\/\/yoast.com\/wordpress\/plugins\/seo\/ -->\n<title>\u00c0 propos de nous &mdash; Famanfil<\/title>\n<meta name=\"description\" content=\"Famanfil a \u00e9t\u00e9 cr\u00e9\u00e9 en 2001 et depuis lors, il est le moteur de l&#039;industrie de la filtration.\" \/>\n<meta name=\"robots\" content=\"index, follow, max-snippet:-1, max-image-preview:large, max-video-preview:-1\" \/>\n<link rel=\"canonical\" href=\"https:\/\/famanfil.com\/fr\/a-propos-de-nous\/\" \/>\n<meta property=\"og:locale\" content=\"fr_FR\" \/>\n<meta property=\"og:type\" content=\"article\" \/>\n<meta property=\"og:title\" content=\"\u00c0 propos de nous &mdash; Famanfil\" \/>\n<meta property=\"og:description\" content=\"Famanfil a \u00e9t\u00e9 cr\u00e9\u00e9 en 2001 et depuis lors, il est le moteur de l&#039;industrie de la filtration.\" \/>\n<meta property=\"og:url\" content=\"https:\/\/famanfil.com\/fr\/a-propos-de-nous\/\" \/>\n<meta property=\"og:site_name\" content=\"Famanfil\" \/>\n<meta property=\"article:publisher\" content=\"https:\/\/www.facebook.com\/Famanfil\/\" \/>\n<meta property=\"article:modified_time\" content=\"2023-08-14T10:35:54+00:00\" \/>\n<meta property=\"og:image\" content=\"https:\/\/famanfil.com\/wp-content\/uploads\/2023\/07\/Imagem-e1691536648468-1024x623.jpg\" \/>\n<meta name=\"twitter:card\" content=\"summary_large_image\" \/>\n<meta name=\"twitter:label1\" content=\"Dur\u00e9e de lecture estim\u00e9e\" \/>\n\t<meta name=\"twitter:data1\" content=\"1 minute\" \/>\n<script type=\"application\/ld+json\" class=\"yoast-schema-graph\">{\"@context\":\"https:\/\/schema.org\",\"@graph\":[{\"@type\":\"WebPage\",\"@id\":\"https:\/\/famanfil.com\/fr\/a-propos-de-nous\/\",\"url\":\"https:\/\/famanfil.com\/fr\/a-propos-de-nous\/\",\"name\":\"\u00c0 propos de nous &mdash; Famanfil\",\"isPartOf\":{\"@id\":\"https:\/\/famanfil.com\/#website\"},\"datePublished\":\"2020-06-23T11:41:21+00:00\",\"dateModified\":\"2023-08-14T10:35:54+00:00\",\"description\":\"Famanfil a \u00e9t\u00e9 cr\u00e9\u00e9 en 2001 et depuis lors, il est le moteur de l'industrie de la filtration.\",\"breadcrumb\":{\"@id\":\"https:\/\/famanfil.com\/fr\/a-propos-de-nous\/#breadcrumb\"},\"inLanguage\":\"fr-FR\",\"potentialAction\":[{\"@type\":\"ReadAction\",\"target\":[\"https:\/\/famanfil.com\/fr\/a-propos-de-nous\/\"]}]},{\"@type\":\"BreadcrumbList\",\"@id\":\"https:\/\/famanfil.com\/fr\/a-propos-de-nous\/#breadcrumb\",\"itemListElement\":[{\"@type\":\"ListItem\",\"position\":1,\"name\":\"In\u00edcio\",\"item\":\"https:\/\/famanfil.com\/fr\/home\/\"},{\"@type\":\"ListItem\",\"position\":2,\"name\":\"\u00c0 propos de nous\"}]},{\"@type\":\"WebSite\",\"@id\":\"https:\/\/famanfil.com\/#website\",\"url\":\"https:\/\/famanfil.com\/\",\"name\":\"Famanfil\",\"description\":\"F\u00e1brica de manequins e mangas filtrantes\",\"publisher\":{\"@id\":\"https:\/\/famanfil.com\/#organization\"},\"potentialAction\":[{\"@type\":\"SearchAction\",\"target\":{\"@type\":\"EntryPoint\",\"urlTemplate\":\"https:\/\/famanfil.com\/?s={search_term_string}\"},\"query-input\":\"required name=search_term_string\"}],\"inLanguage\":\"fr-FR\"},{\"@type\":\"Organization\",\"@id\":\"https:\/\/famanfil.com\/#organization\",\"name\":\"Famanfil\",\"url\":\"https:\/\/famanfil.com\/\",\"logo\":{\"@type\":\"ImageObject\",\"inLanguage\":\"fr-FR\",\"@id\":\"https:\/\/famanfil.com\/#\/schema\/logo\/image\/\",\"url\":\"https:\/\/famanfil.com\/wp-content\/uploads\/2023\/07\/logo-blue.png\",\"contentUrl\":\"https:\/\/famanfil.com\/wp-content\/uploads\/2023\/07\/logo-blue.png\",\"width\":372,\"height\":105,\"caption\":\"Famanfil\"},\"image\":{\"@id\":\"https:\/\/famanfil.com\/#\/schema\/logo\/image\/\"},\"sameAs\":[\"https:\/\/www.facebook.com\/Famanfil\/\"]}]}<\/script>\n<!-- \/ Yoast SEO plugin. -->","yoast_head_json":{"title":"\u00c0 propos de nous &mdash; Famanfil","description":"Famanfil a \u00e9t\u00e9 cr\u00e9\u00e9 en 2001 et depuis lors, il est le moteur de l'industrie de la filtration.","robots":{"index":"index","follow":"follow","max-snippet":"max-snippet:-1","max-image-preview":"max-image-preview:large","max-video-preview":"max-video-preview:-1"},"canonical":"https:\/\/famanfil.com\/fr\/a-propos-de-nous\/","og_locale":"fr_FR","og_type":"article","og_title":"\u00c0 propos de nous &mdash; Famanfil","og_description":"Famanfil a \u00e9t\u00e9 cr\u00e9\u00e9 en 2001 et depuis lors, il est le moteur de l'industrie de la filtration.","og_url":"https:\/\/famanfil.com\/fr\/a-propos-de-nous\/","og_site_name":"Famanfil","article_publisher":"https:\/\/www.facebook.com\/Famanfil\/","article_modified_time":"2023-08-14T10:35:54+00:00","og_image":[{"url":"https:\/\/famanfil.com\/wp-content\/uploads\/2023\/07\/Imagem-e1691536648468-1024x623.jpg"}],"twitter_card":"summary_large_image","twitter_misc":{"Dur\u00e9e de lecture estim\u00e9e":"1 minute"},"schema":{"@context":"https:\/\/schema.org","@graph":[{"@type":"WebPage","@id":"https:\/\/famanfil.com\/fr\/a-propos-de-nous\/","url":"https:\/\/famanfil.com\/fr\/a-propos-de-nous\/","name":"\u00c0 propos de nous &mdash; Famanfil","isPartOf":{"@id":"https:\/\/famanfil.com\/#website"},"datePublished":"2020-06-23T11:41:21+00:00","dateModified":"2023-08-14T10:35:54+00:00","description":"Famanfil a \u00e9t\u00e9 cr\u00e9\u00e9 en 2001 et depuis lors, il est le moteur de l'industrie de la filtration.","breadcrumb":{"@id":"https:\/\/famanfil.com\/fr\/a-propos-de-nous\/#breadcrumb"},"inLanguage":"fr-FR","potentialAction":[{"@type":"ReadAction","target":["https:\/\/famanfil.com\/fr\/a-propos-de-nous\/"]}]},{"@type":"BreadcrumbList","@id":"https:\/\/famanfil.com\/fr\/a-propos-de-nous\/#breadcrumb","itemListElement":[{"@type":"ListItem","position":1,"name":"In\u00edcio","item":"https:\/\/famanfil.com\/fr\/home\/"},{"@type":"ListItem","position":2,"name":"\u00c0 propos de nous"}]},{"@type":"WebSite","@id":"https:\/\/famanfil.com\/#website","url":"https:\/\/famanfil.com\/","name":"Famanfil","description":"F\u00e1brica de manequins e mangas filtrantes","publisher":{"@id":"https:\/\/famanfil.com\/#organization"},"potentialAction":[{"@type":"SearchAction","target":{"@type":"EntryPoint","urlTemplate":"https:\/\/famanfil.com\/?s={search_term_string}"},"query-input":"required name=search_term_string"}],"inLanguage":"fr-FR"},{"@type":"Organization","@id":"https:\/\/famanfil.com\/#organization","name":"Famanfil","url":"https:\/\/famanfil.com\/","logo":{"@type":"ImageObject","inLanguage":"fr-FR","@id":"https:\/\/famanfil.com\/#\/schema\/logo\/image\/","url":"https:\/\/famanfil.com\/wp-content\/uploads\/2023\/07\/logo-blue.png","contentUrl":"https:\/\/famanfil.com\/wp-content\/uploads\/2023\/07\/logo-blue.png","width":372,"height":105,"caption":"Famanfil"},"image":{"@id":"https:\/\/famanfil.com\/#\/schema\/logo\/image\/"},"sameAs":["https:\/\/www.facebook.com\/Famanfil\/"]}]}},"_links":{"self":[{"href":"https:\/\/famanfil.com\/fr\/wp-json\/wp\/v2\/pages\/1912","targetHints":{"allow":["GET"]}}],"collection":[{"href":"https:\/\/famanfil.com\/fr\/wp-json\/wp\/v2\/pages"}],"about":[{"href":"https:\/\/famanfil.com\/fr\/wp-json\/wp\/v2\/types\/page"}],"author":[{"embeddable":true,"href":"https:\/\/famanfil.com\/fr\/wp-json\/wp\/v2\/users\/2"}],"replies":[{"embeddable":true,"href":"https:\/\/famanfil.com\/fr\/wp-json\/wp\/v2\/comments?post=1912"}],"version-history":[{"count":1,"href":"https:\/\/famanfil.com\/fr\/wp-json\/wp\/v2\/pages\/1912\/revisions"}],"predecessor-version":[{"id":1913,"href":"https:\/\/famanfil.com\/fr\/wp-json\/wp\/v2\/pages\/1912\/revisions\/1913"}],"wp:attachment":[{"href":"https:\/\/famanfil.com\/fr\/wp-json\/wp\/v2\/media?parent=1912"}],"curies":[{"name":"wp","href":"https:\/\/api.w.org\/{rel}","templated":true}]}}