{"id":1894,"date":"2023-07-18T21:32:35","date_gmt":"2023-07-18T21:32:35","guid":{"rendered":"https:\/\/famanfil.com\/politique-de-confidentialite\/"},"modified":"2023-08-14T10:19:41","modified_gmt":"2023-08-14T10:19:41","slug":"politique-de-confidentialite","status":"publish","type":"page","link":"https:\/\/famanfil.com\/fr\/politique-de-confidentialite\/","title":{"rendered":"Politique de confidentialit\u00e9"},"content":{"rendered":"\t\t<div data-elementor-type=\"wp-page\" data-elementor-id=\"1894\" class=\"elementor elementor-1894 elementor-455\">\n\t\t\t\t\t\t\t\t\t<section class=\"elementor-section elementor-top-section elementor-element elementor-element-3af5a691 elementor-section-boxed elementor-section-height-default elementor-section-height-default\" data-id=\"3af5a691\" data-element_type=\"section\" data-settings=\"{&quot;jet_parallax_layout_list&quot;:[]}\">\n\t\t\t\t\t\t<div class=\"elementor-container elementor-column-gap-default\">\n\t\t\t\t\t<div class=\"elementor-column elementor-col-100 elementor-top-column elementor-element elementor-element-6d4c0c3\" data-id=\"6d4c0c3\" data-element_type=\"column\">\n\t\t\t<div class=\"elementor-widget-wrap elementor-element-populated\">\n\t\t\t\t\t\t\t\t<div class=\"elementor-element elementor-element-e14880b elementor-widget elementor-widget-heading\" data-id=\"e14880b\" data-element_type=\"widget\" data-widget_type=\"heading.default\">\n\t\t\t\t<div class=\"elementor-widget-container\">\n\t\t\t<style>\/*! elementor - v3.15.0 - 09-08-2023 *\/\n.elementor-heading-title{padding:0;margin:0;line-height:1}.elementor-widget-heading .elementor-heading-title[class*=elementor-size-]>a{color:inherit;font-size:inherit;line-height:inherit}.elementor-widget-heading .elementor-heading-title.elementor-size-small{font-size:15px}.elementor-widget-heading .elementor-heading-title.elementor-size-medium{font-size:19px}.elementor-widget-heading .elementor-heading-title.elementor-size-large{font-size:29px}.elementor-widget-heading .elementor-heading-title.elementor-size-xl{font-size:39px}.elementor-widget-heading .elementor-heading-title.elementor-size-xxl{font-size:59px}<\/style><h2 class=\"elementor-heading-title elementor-size-default\">Politique de confidentialit\u00e9<\/h2>\t\t<\/div>\n\t\t\t\t<\/div>\n\t\t\t\t<div class=\"elementor-element elementor-element-b1eeb3b elementor-widget elementor-widget-text-editor\" data-id=\"b1eeb3b\" data-element_type=\"widget\" data-widget_type=\"text-editor.default\">\n\t\t\t\t<div class=\"elementor-widget-container\">\n\t\t\t<style>\/*! elementor - v3.15.0 - 09-08-2023 *\/\n.elementor-widget-text-editor.elementor-drop-cap-view-stacked .elementor-drop-cap{background-color:#69727d;color:#fff}.elementor-widget-text-editor.elementor-drop-cap-view-framed .elementor-drop-cap{color:#69727d;border:3px solid;background-color:transparent}.elementor-widget-text-editor:not(.elementor-drop-cap-view-default) .elementor-drop-cap{margin-top:8px}.elementor-widget-text-editor:not(.elementor-drop-cap-view-default) .elementor-drop-cap-letter{width:1em;height:1em}.elementor-widget-text-editor .elementor-drop-cap{float:left;text-align:center;line-height:1;font-size:50px}.elementor-widget-text-editor .elementor-drop-cap-letter{display:inline-block}<\/style>\t\t\t\t<p>Ce site Web a \u00e9t\u00e9 cr\u00e9\u00e9 et est contr\u00f4l\u00e9 par l&rsquo;\u00e9quipe Famanfil \u2013 F\u00e1brica de Manequins e Mangas Filtrantes Lda bas\u00e9e \u00e0 Murtosa, Portugal.<br \/>Nous nous r\u00e9servons le droit de modifier tout contenu \u00e0 tout moment.<\/p>\n<\/p>\n<p><strong>DROITS D&rsquo;AUTEUR<\/strong><\/p>\n<p>Tous les contenus sont g\u00e9r\u00e9s par Famanfil \u2013 F\u00e1brica de Manequins e Mangas Filtrantes Lda, sont sa propri\u00e9t\u00e9 exclusive et sont prot\u00e9g\u00e9s par les lois internationales sur le droit d&rsquo;auteur. La repr\u00e9sentation, la publication, la distribution, la modification, la transmission ou l&rsquo;affichage public de ce site, logo, images, en tout ou en partie, est strictement interdite et ne sera pas tol\u00e9r\u00e9e. <\/p>\n<\/p>\n<p><strong>CONFIDENTIALIT\u00c9<\/strong><\/p>\n<p>Famanfil \u2013 F\u00e1brica de Manequins e Mangas Filtrantes Lda ne vendra pas vos informations personnelles ni ne les rendra intentionnellement publiques. Dans des cas exceptionnels, ces informations peuvent \u00eatre regroup\u00e9es selon des crit\u00e8res pr\u00e9cis et utilis\u00e9es comme des statistiques purement informatives afin de contribuer \u00e0 une meilleure compr\u00e9hension du profil du consommateur. <\/p>\n<p>Nous assurons la totale confidentialit\u00e9 des donn\u00e9es personnelles, et ces donn\u00e9es peuvent \u00eatre modifi\u00e9es \u00e0 tout moment par le client sur le site.<\/p>\n<p>Toutes les donn\u00e9es contenues sur ce site ont un caract\u00e8re strictement informatif, et les photos pr\u00e9sent\u00e9es peuvent ne pas correspondre exactement \u00e0 la version finale des pi\u00e8ces vendues.<\/p>\n<\/p>\n<p>Si vous avez des questions ou avez besoin de plus de pr\u00e9cisions, n&rsquo;h\u00e9sitez pas \u00e0 <a href=\"https:\/\/famanfil.com\/fr\/contacts\/\">nous contacter<\/a>.<\/p>\n\t\t\t\t\t\t<\/div>\n\t\t\t\t<\/div>\n\t\t\t\t\t<\/div>\n\t\t<\/div>\n\t\t\t\t\t\t\t<\/div>\n\t\t<\/section>\n\t\t\t\t\t\t\t<\/div>\n\t\t","protected":false},"excerpt":{"rendered":"<p>Politique de confidentialit\u00e9 Ce site Web a \u00e9t\u00e9 cr\u00e9\u00e9 et est contr\u00f4l\u00e9 par l&rsquo;\u00e9quipe Famanfil \u2013 F\u00e1brica de Manequins e Mangas Filtrantes Lda bas\u00e9e \u00e0 Murtosa, Portugal.Nous nous r\u00e9servons le droit de modifier tout contenu \u00e0 tout moment. DROITS D&rsquo;AUTEUR Tous les contenus sont g\u00e9r\u00e9s par Famanfil \u2013 F\u00e1brica de Manequins e Mangas Filtrantes Lda, [&hellip;]<\/p>\n","protected":false},"author":2,"featured_media":0,"parent":0,"menu_order":0,"comment_status":"closed","ping_status":"closed","template":"","meta":{"footnotes":""},"class_list":["post-1894","page","type-page","status-publish","hentry"],"acf":[],"yoast_head":"<!-- This site is optimized with the Yoast SEO plugin v20.13 - https:\/\/yoast.com\/wordpress\/plugins\/seo\/ -->\n<title>Politique de confidentialit\u00e9 &mdash; Famanfil<\/title>\n<meta name=\"robots\" content=\"index, follow, max-snippet:-1, max-image-preview:large, max-video-preview:-1\" \/>\n<link rel=\"canonical\" href=\"https:\/\/famanfil.com\/fr\/politique-de-confidentialite\/\" \/>\n<meta property=\"og:locale\" content=\"fr_FR\" \/>\n<meta property=\"og:type\" content=\"article\" \/>\n<meta property=\"og:title\" content=\"Politique de confidentialit\u00e9 &mdash; Famanfil\" \/>\n<meta property=\"og:description\" content=\"Politique de confidentialit\u00e9 Ce site Web a \u00e9t\u00e9 cr\u00e9\u00e9 et est contr\u00f4l\u00e9 par l&rsquo;\u00e9quipe Famanfil \u2013 F\u00e1brica de Manequins e Mangas Filtrantes Lda bas\u00e9e \u00e0 Murtosa, Portugal.Nous nous r\u00e9servons le droit de modifier tout contenu \u00e0 tout moment. DROITS D&rsquo;AUTEUR Tous les contenus sont g\u00e9r\u00e9s par Famanfil \u2013 F\u00e1brica de Manequins e Mangas Filtrantes Lda, [&hellip;]\" \/>\n<meta property=\"og:url\" content=\"https:\/\/famanfil.com\/fr\/politique-de-confidentialite\/\" \/>\n<meta property=\"og:site_name\" content=\"Famanfil\" \/>\n<meta property=\"article:publisher\" content=\"https:\/\/www.facebook.com\/Famanfil\/\" \/>\n<meta property=\"article:modified_time\" content=\"2023-08-14T10:19:41+00:00\" \/>\n<meta name=\"twitter:card\" content=\"summary_large_image\" \/>\n<meta name=\"twitter:label1\" content=\"Dur\u00e9e de lecture estim\u00e9e\" \/>\n\t<meta name=\"twitter:data1\" content=\"1 minute\" \/>\n<script type=\"application\/ld+json\" class=\"yoast-schema-graph\">{\"@context\":\"https:\/\/schema.org\",\"@graph\":[{\"@type\":\"WebPage\",\"@id\":\"https:\/\/famanfil.com\/fr\/politique-de-confidentialite\/\",\"url\":\"https:\/\/famanfil.com\/fr\/politique-de-confidentialite\/\",\"name\":\"Politique de confidentialit\u00e9 &mdash; Famanfil\",\"isPartOf\":{\"@id\":\"https:\/\/famanfil.com\/#website\"},\"datePublished\":\"2023-07-18T21:32:35+00:00\",\"dateModified\":\"2023-08-14T10:19:41+00:00\",\"breadcrumb\":{\"@id\":\"https:\/\/famanfil.com\/fr\/politique-de-confidentialite\/#breadcrumb\"},\"inLanguage\":\"fr-FR\",\"potentialAction\":[{\"@type\":\"ReadAction\",\"target\":[\"https:\/\/famanfil.com\/fr\/politique-de-confidentialite\/\"]}]},{\"@type\":\"BreadcrumbList\",\"@id\":\"https:\/\/famanfil.com\/fr\/politique-de-confidentialite\/#breadcrumb\",\"itemListElement\":[{\"@type\":\"ListItem\",\"position\":1,\"name\":\"In\u00edcio\",\"item\":\"https:\/\/famanfil.com\/fr\/home\/\"},{\"@type\":\"ListItem\",\"position\":2,\"name\":\"Politique de confidentialit\u00e9\"}]},{\"@type\":\"WebSite\",\"@id\":\"https:\/\/famanfil.com\/#website\",\"url\":\"https:\/\/famanfil.com\/\",\"name\":\"Famanfil\",\"description\":\"F\u00e1brica de manequins e mangas filtrantes\",\"publisher\":{\"@id\":\"https:\/\/famanfil.com\/#organization\"},\"potentialAction\":[{\"@type\":\"SearchAction\",\"target\":{\"@type\":\"EntryPoint\",\"urlTemplate\":\"https:\/\/famanfil.com\/?s={search_term_string}\"},\"query-input\":\"required name=search_term_string\"}],\"inLanguage\":\"fr-FR\"},{\"@type\":\"Organization\",\"@id\":\"https:\/\/famanfil.com\/#organization\",\"name\":\"Famanfil\",\"url\":\"https:\/\/famanfil.com\/\",\"logo\":{\"@type\":\"ImageObject\",\"inLanguage\":\"fr-FR\",\"@id\":\"https:\/\/famanfil.com\/#\/schema\/logo\/image\/\",\"url\":\"https:\/\/famanfil.com\/wp-content\/uploads\/2023\/07\/logo-blue.png\",\"contentUrl\":\"https:\/\/famanfil.com\/wp-content\/uploads\/2023\/07\/logo-blue.png\",\"width\":372,\"height\":105,\"caption\":\"Famanfil\"},\"image\":{\"@id\":\"https:\/\/famanfil.com\/#\/schema\/logo\/image\/\"},\"sameAs\":[\"https:\/\/www.facebook.com\/Famanfil\/\"]}]}<\/script>\n<!-- \/ Yoast SEO plugin. -->","yoast_head_json":{"title":"Politique de confidentialit\u00e9 &mdash; Famanfil","robots":{"index":"index","follow":"follow","max-snippet":"max-snippet:-1","max-image-preview":"max-image-preview:large","max-video-preview":"max-video-preview:-1"},"canonical":"https:\/\/famanfil.com\/fr\/politique-de-confidentialite\/","og_locale":"fr_FR","og_type":"article","og_title":"Politique de confidentialit\u00e9 &mdash; Famanfil","og_description":"Politique de confidentialit\u00e9 Ce site Web a \u00e9t\u00e9 cr\u00e9\u00e9 et est contr\u00f4l\u00e9 par l&rsquo;\u00e9quipe Famanfil \u2013 F\u00e1brica de Manequins e Mangas Filtrantes Lda bas\u00e9e \u00e0 Murtosa, Portugal.Nous nous r\u00e9servons le droit de modifier tout contenu \u00e0 tout moment. DROITS D&rsquo;AUTEUR Tous les contenus sont g\u00e9r\u00e9s par Famanfil \u2013 F\u00e1brica de Manequins e Mangas Filtrantes Lda, [&hellip;]","og_url":"https:\/\/famanfil.com\/fr\/politique-de-confidentialite\/","og_site_name":"Famanfil","article_publisher":"https:\/\/www.facebook.com\/Famanfil\/","article_modified_time":"2023-08-14T10:19:41+00:00","twitter_card":"summary_large_image","twitter_misc":{"Dur\u00e9e de lecture estim\u00e9e":"1 minute"},"schema":{"@context":"https:\/\/schema.org","@graph":[{"@type":"WebPage","@id":"https:\/\/famanfil.com\/fr\/politique-de-confidentialite\/","url":"https:\/\/famanfil.com\/fr\/politique-de-confidentialite\/","name":"Politique de confidentialit\u00e9 &mdash; Famanfil","isPartOf":{"@id":"https:\/\/famanfil.com\/#website"},"datePublished":"2023-07-18T21:32:35+00:00","dateModified":"2023-08-14T10:19:41+00:00","breadcrumb":{"@id":"https:\/\/famanfil.com\/fr\/politique-de-confidentialite\/#breadcrumb"},"inLanguage":"fr-FR","potentialAction":[{"@type":"ReadAction","target":["https:\/\/famanfil.com\/fr\/politique-de-confidentialite\/"]}]},{"@type":"BreadcrumbList","@id":"https:\/\/famanfil.com\/fr\/politique-de-confidentialite\/#breadcrumb","itemListElement":[{"@type":"ListItem","position":1,"name":"In\u00edcio","item":"https:\/\/famanfil.com\/fr\/home\/"},{"@type":"ListItem","position":2,"name":"Politique de confidentialit\u00e9"}]},{"@type":"WebSite","@id":"https:\/\/famanfil.com\/#website","url":"https:\/\/famanfil.com\/","name":"Famanfil","description":"F\u00e1brica de manequins e mangas filtrantes","publisher":{"@id":"https:\/\/famanfil.com\/#organization"},"potentialAction":[{"@type":"SearchAction","target":{"@type":"EntryPoint","urlTemplate":"https:\/\/famanfil.com\/?s={search_term_string}"},"query-input":"required name=search_term_string"}],"inLanguage":"fr-FR"},{"@type":"Organization","@id":"https:\/\/famanfil.com\/#organization","name":"Famanfil","url":"https:\/\/famanfil.com\/","logo":{"@type":"ImageObject","inLanguage":"fr-FR","@id":"https:\/\/famanfil.com\/#\/schema\/logo\/image\/","url":"https:\/\/famanfil.com\/wp-content\/uploads\/2023\/07\/logo-blue.png","contentUrl":"https:\/\/famanfil.com\/wp-content\/uploads\/2023\/07\/logo-blue.png","width":372,"height":105,"caption":"Famanfil"},"image":{"@id":"https:\/\/famanfil.com\/#\/schema\/logo\/image\/"},"sameAs":["https:\/\/www.facebook.com\/Famanfil\/"]}]}},"_links":{"self":[{"href":"https:\/\/famanfil.com\/fr\/wp-json\/wp\/v2\/pages\/1894","targetHints":{"allow":["GET"]}}],"collection":[{"href":"https:\/\/famanfil.com\/fr\/wp-json\/wp\/v2\/pages"}],"about":[{"href":"https:\/\/famanfil.com\/fr\/wp-json\/wp\/v2\/types\/page"}],"author":[{"embeddable":true,"href":"https:\/\/famanfil.com\/fr\/wp-json\/wp\/v2\/users\/2"}],"replies":[{"embeddable":true,"href":"https:\/\/famanfil.com\/fr\/wp-json\/wp\/v2\/comments?post=1894"}],"version-history":[{"count":1,"href":"https:\/\/famanfil.com\/fr\/wp-json\/wp\/v2\/pages\/1894\/revisions"}],"predecessor-version":[{"id":1895,"href":"https:\/\/famanfil.com\/fr\/wp-json\/wp\/v2\/pages\/1894\/revisions\/1895"}],"wp:attachment":[{"href":"https:\/\/famanfil.com\/fr\/wp-json\/wp\/v2\/media?parent=1894"}],"curies":[{"name":"wp","href":"https:\/\/api.w.org\/{rel}","templated":true}]}}