{"id":1876,"date":"2021-09-13T08:08:15","date_gmt":"2021-09-13T08:08:15","guid":{"rendered":"https:\/\/famanfil.com\/cookies-2\/"},"modified":"2023-08-14T12:15:27","modified_gmt":"2023-08-14T12:15:27","slug":"cookies","status":"publish","type":"page","link":"https:\/\/famanfil.com\/fr\/cookies\/","title":{"rendered":"Cookies"},"content":{"rendered":"\t\t<div data-elementor-type=\"wp-page\" data-elementor-id=\"1876\" class=\"elementor elementor-1876 elementor-337\">\n\t\t\t\t\t\t\t\t\t<section class=\"elementor-section elementor-top-section elementor-element elementor-element-3af5a691 elementor-section-boxed elementor-section-height-default elementor-section-height-default\" data-id=\"3af5a691\" data-element_type=\"section\" data-settings=\"{&quot;jet_parallax_layout_list&quot;:[]}\">\n\t\t\t\t\t\t<div class=\"elementor-container elementor-column-gap-default\">\n\t\t\t\t\t<div class=\"elementor-column elementor-col-100 elementor-top-column elementor-element elementor-element-6d4c0c3\" data-id=\"6d4c0c3\" data-element_type=\"column\">\n\t\t\t<div class=\"elementor-widget-wrap elementor-element-populated\">\n\t\t\t\t\t\t\t\t<div class=\"elementor-element elementor-element-93ea375 elementor-widget elementor-widget-heading\" data-id=\"93ea375\" data-element_type=\"widget\" data-widget_type=\"heading.default\">\n\t\t\t\t<div class=\"elementor-widget-container\">\n\t\t\t<style>\/*! elementor - v3.15.0 - 09-08-2023 *\/\n.elementor-heading-title{padding:0;margin:0;line-height:1}.elementor-widget-heading .elementor-heading-title[class*=elementor-size-]>a{color:inherit;font-size:inherit;line-height:inherit}.elementor-widget-heading .elementor-heading-title.elementor-size-small{font-size:15px}.elementor-widget-heading .elementor-heading-title.elementor-size-medium{font-size:19px}.elementor-widget-heading .elementor-heading-title.elementor-size-large{font-size:29px}.elementor-widget-heading .elementor-heading-title.elementor-size-xl{font-size:39px}.elementor-widget-heading .elementor-heading-title.elementor-size-xxl{font-size:59px}<\/style><h2 class=\"elementor-heading-title elementor-size-default\">Cookies<\/h2>\t\t<\/div>\n\t\t\t\t<\/div>\n\t\t\t\t<div class=\"elementor-element elementor-element-b1eeb3b elementor-widget elementor-widget-text-editor\" data-id=\"b1eeb3b\" data-element_type=\"widget\" data-widget_type=\"text-editor.default\">\n\t\t\t\t<div class=\"elementor-widget-container\">\n\t\t\t<style>\/*! elementor - v3.15.0 - 09-08-2023 *\/\n.elementor-widget-text-editor.elementor-drop-cap-view-stacked .elementor-drop-cap{background-color:#69727d;color:#fff}.elementor-widget-text-editor.elementor-drop-cap-view-framed .elementor-drop-cap{color:#69727d;border:3px solid;background-color:transparent}.elementor-widget-text-editor:not(.elementor-drop-cap-view-default) .elementor-drop-cap{margin-top:8px}.elementor-widget-text-editor:not(.elementor-drop-cap-view-default) .elementor-drop-cap-letter{width:1em;height:1em}.elementor-widget-text-editor .elementor-drop-cap{float:left;text-align:center;line-height:1;font-size:50px}.elementor-widget-text-editor .elementor-drop-cap-letter{display:inline-block}<\/style>\t\t\t\t<p><strong>Que sont les cookies ?<\/strong><br \/>Un cookie est un fichier texte stock\u00e9 dans le navigateur Web d&rsquo;un utilisateur sur n&rsquo;importe quel appareil utilis\u00e9 pour acc\u00e9der \u00e0 un site Web qui contient des informations sur la visite de l&rsquo;utilisateur, telles que les pr\u00e9f\u00e9rences. Lorsque l&rsquo;utilisateur revient, le navigateur fournit au cookie les informations stock\u00e9es pour l&#8217;emplacement. <\/p>\n<p><strong>A quoi servent les cookies ?<\/strong><br \/>Les cookies sont utilis\u00e9s pour adapter le contenu d&rsquo;un site Web aux pr\u00e9f\u00e9rences de l&rsquo;utilisateur et pour optimiser le site Web. Ils stockent des informations utiles qui am\u00e9liorent l&rsquo;exp\u00e9rience utilisateur d&rsquo;un site Web. Ils sont g\u00e9n\u00e9ralement utilis\u00e9s pour :  <\/p>\n<p>Stockage des informations de connexion afin qu&rsquo;un utilisateur n&rsquo;ait pas besoin de se reconnecter \u00e0 chaque visite.<br \/>De la reconnaissance du type d&rsquo;appareil qu&rsquo;un utilisateur navigue avec toutes les pr\u00e9f\u00e9rences et appliqu\u00e9es \u00e0 l&rsquo;optimisation du site sp\u00e9cifiquement pour l&rsquo;appareil.<br \/>Cr\u00e9ation de statistiques qui aident les propri\u00e9taires de sites Web \u00e0 comprendre comment leurs utilisateurs interagissent avec leur site Web, leur permettant d&rsquo;am\u00e9liorer sa structure et son contenu.<\/p>\n<p><strong>Quels types de cookies sont utilis\u00e9s ?<\/strong><br \/>Il existe deux types de cookies : les cookies persistants et les cookies de session. Les cookies persistants restent sur votre disque dur pendant une p\u00e9riode sp\u00e9cifi\u00e9e dans les param\u00e8tres du fichier cookie ou jusqu&rsquo;\u00e0 ce qu&rsquo;ils soient supprim\u00e9s manuellement. Lorsque vous revenez sur un site Web et qu&rsquo;il vous oblige \u00e0 vous reconnecter malgr\u00e9 le stockage pr\u00e9alable de vos informations de connexion, c&rsquo;est g\u00e9n\u00e9ralement parce que le cookie persistant a expir\u00e9 ; ce qui contribue \u00e0 accro\u00eetre la s\u00e9curit\u00e9 tout en maintenant l&rsquo;accessibilit\u00e9.  <\/p>\n<p>Les cookies de session, en revanche, sont utilis\u00e9s temporairement et expirent une fois le site Web ou le navigateur ferm\u00e9. Ils sont utilis\u00e9s pour surveiller l&rsquo;activit\u00e9 des utilisateurs sur un site Web au cours d&rsquo;une seule visite. Lorsqu&rsquo;un site Web vous demande de v\u00e9rifier votre \u00e2ge ou votre emplacement une fois par visite avant de vous permettre de visualiser le contenu et sans exiger de d\u00e9tails personnels suppl\u00e9mentaires, il s&rsquo;agit d&rsquo;un cookie de session au travail.  <\/p>\n<p><strong>Les cookies incluent-ils des donn\u00e9es personnelles ?<\/strong><br \/>S&rsquo;il est n\u00e9cessaire de collecter des informations personnelles, telles que la cr\u00e9ation d&rsquo;un compte, le cookie peut stocker des informations personnelles. Cependant, la loi sur la protection des donn\u00e9es exige que les utilisateurs soient inform\u00e9s de la collecte de donn\u00e9es personnelles. Ces donn\u00e9es seront \u00e9galement crypt\u00e9es pour les rendre inaccessibles aux utilisateurs non autoris\u00e9s.  <\/p>\n<p><strong>Gestion des cookies<\/strong><br \/>Par d\u00e9faut, les navigateurs sont configur\u00e9s pour accepter les cookies. Cependant, ces param\u00e8tres peuvent \u00eatre modifi\u00e9s pour bloquer enti\u00e8rement les cookies ou pour informer l&rsquo;utilisateur \u00e0 chaque fois qu&rsquo;ils sont utilis\u00e9s. Des informations d\u00e9taill\u00e9es sur les cookies et les options qui leur sont associ\u00e9es sont disponibles dans les param\u00e8tres de chaque navigateur.  <\/p>\n\t\t\t\t\t\t<\/div>\n\t\t\t\t<\/div>\n\t\t\t\t\t<\/div>\n\t\t<\/div>\n\t\t\t\t\t\t\t<\/div>\n\t\t<\/section>\n\t\t\t\t\t\t\t<\/div>\n\t\t","protected":false},"excerpt":{"rendered":"<p>Cookies Que sont les cookies ?Un cookie est un fichier texte stock\u00e9 dans le navigateur Web d&rsquo;un utilisateur sur n&rsquo;importe quel appareil utilis\u00e9 pour acc\u00e9der \u00e0 un site Web qui contient des informations sur la visite de l&rsquo;utilisateur, telles que les pr\u00e9f\u00e9rences. Lorsque l&rsquo;utilisateur revient, le navigateur fournit au cookie les informations stock\u00e9es pour l&#8217;emplacement. [&hellip;]<\/p>\n","protected":false},"author":2,"featured_media":0,"parent":0,"menu_order":0,"comment_status":"closed","ping_status":"closed","template":"","meta":{"footnotes":""},"class_list":["post-1876","page","type-page","status-publish","hentry"],"acf":[],"yoast_head":"<!-- This site is optimized with the Yoast SEO plugin v20.13 - https:\/\/yoast.com\/wordpress\/plugins\/seo\/ -->\n<title>Cookies &mdash; Famanfil<\/title>\n<meta name=\"robots\" content=\"index, follow, max-snippet:-1, max-image-preview:large, max-video-preview:-1\" \/>\n<link rel=\"canonical\" href=\"https:\/\/famanfil.com\/fr\/cookies\/\" \/>\n<meta property=\"og:locale\" content=\"fr_FR\" \/>\n<meta property=\"og:type\" content=\"article\" \/>\n<meta property=\"og:title\" content=\"Cookies &mdash; Famanfil\" \/>\n<meta property=\"og:description\" content=\"Cookies Que sont les cookies ?Un cookie est un fichier texte stock\u00e9 dans le navigateur Web d&rsquo;un utilisateur sur n&rsquo;importe quel appareil utilis\u00e9 pour acc\u00e9der \u00e0 un site Web qui contient des informations sur la visite de l&rsquo;utilisateur, telles que les pr\u00e9f\u00e9rences. Lorsque l&rsquo;utilisateur revient, le navigateur fournit au cookie les informations stock\u00e9es pour l&#8217;emplacement. [&hellip;]\" \/>\n<meta property=\"og:url\" content=\"https:\/\/famanfil.com\/fr\/cookies\/\" \/>\n<meta property=\"og:site_name\" content=\"Famanfil\" \/>\n<meta property=\"article:publisher\" content=\"https:\/\/www.facebook.com\/Famanfil\/\" \/>\n<meta property=\"article:modified_time\" content=\"2023-08-14T12:15:27+00:00\" \/>\n<meta name=\"twitter:card\" content=\"summary_large_image\" \/>\n<meta name=\"twitter:label1\" content=\"Dur\u00e9e de lecture estim\u00e9e\" \/>\n\t<meta name=\"twitter:data1\" content=\"2 minutes\" \/>\n<script type=\"application\/ld+json\" class=\"yoast-schema-graph\">{\"@context\":\"https:\/\/schema.org\",\"@graph\":[{\"@type\":\"WebPage\",\"@id\":\"https:\/\/famanfil.com\/fr\/cookies\/\",\"url\":\"https:\/\/famanfil.com\/fr\/cookies\/\",\"name\":\"Cookies &mdash; Famanfil\",\"isPartOf\":{\"@id\":\"https:\/\/famanfil.com\/#website\"},\"datePublished\":\"2021-09-13T08:08:15+00:00\",\"dateModified\":\"2023-08-14T12:15:27+00:00\",\"breadcrumb\":{\"@id\":\"https:\/\/famanfil.com\/fr\/cookies\/#breadcrumb\"},\"inLanguage\":\"fr-FR\",\"potentialAction\":[{\"@type\":\"ReadAction\",\"target\":[\"https:\/\/famanfil.com\/fr\/cookies\/\"]}]},{\"@type\":\"BreadcrumbList\",\"@id\":\"https:\/\/famanfil.com\/fr\/cookies\/#breadcrumb\",\"itemListElement\":[{\"@type\":\"ListItem\",\"position\":1,\"name\":\"In\u00edcio\",\"item\":\"https:\/\/famanfil.com\/fr\/home\/\"},{\"@type\":\"ListItem\",\"position\":2,\"name\":\"Cookies\"}]},{\"@type\":\"WebSite\",\"@id\":\"https:\/\/famanfil.com\/#website\",\"url\":\"https:\/\/famanfil.com\/\",\"name\":\"Famanfil\",\"description\":\"F\u00e1brica de manequins e mangas filtrantes\",\"publisher\":{\"@id\":\"https:\/\/famanfil.com\/#organization\"},\"potentialAction\":[{\"@type\":\"SearchAction\",\"target\":{\"@type\":\"EntryPoint\",\"urlTemplate\":\"https:\/\/famanfil.com\/?s={search_term_string}\"},\"query-input\":\"required name=search_term_string\"}],\"inLanguage\":\"fr-FR\"},{\"@type\":\"Organization\",\"@id\":\"https:\/\/famanfil.com\/#organization\",\"name\":\"Famanfil\",\"url\":\"https:\/\/famanfil.com\/\",\"logo\":{\"@type\":\"ImageObject\",\"inLanguage\":\"fr-FR\",\"@id\":\"https:\/\/famanfil.com\/#\/schema\/logo\/image\/\",\"url\":\"https:\/\/famanfil.com\/wp-content\/uploads\/2023\/07\/logo-blue.png\",\"contentUrl\":\"https:\/\/famanfil.com\/wp-content\/uploads\/2023\/07\/logo-blue.png\",\"width\":372,\"height\":105,\"caption\":\"Famanfil\"},\"image\":{\"@id\":\"https:\/\/famanfil.com\/#\/schema\/logo\/image\/\"},\"sameAs\":[\"https:\/\/www.facebook.com\/Famanfil\/\"]}]}<\/script>\n<!-- \/ Yoast SEO plugin. -->","yoast_head_json":{"title":"Cookies &mdash; Famanfil","robots":{"index":"index","follow":"follow","max-snippet":"max-snippet:-1","max-image-preview":"max-image-preview:large","max-video-preview":"max-video-preview:-1"},"canonical":"https:\/\/famanfil.com\/fr\/cookies\/","og_locale":"fr_FR","og_type":"article","og_title":"Cookies &mdash; Famanfil","og_description":"Cookies Que sont les cookies ?Un cookie est un fichier texte stock\u00e9 dans le navigateur Web d&rsquo;un utilisateur sur n&rsquo;importe quel appareil utilis\u00e9 pour acc\u00e9der \u00e0 un site Web qui contient des informations sur la visite de l&rsquo;utilisateur, telles que les pr\u00e9f\u00e9rences. Lorsque l&rsquo;utilisateur revient, le navigateur fournit au cookie les informations stock\u00e9es pour l&#8217;emplacement. [&hellip;]","og_url":"https:\/\/famanfil.com\/fr\/cookies\/","og_site_name":"Famanfil","article_publisher":"https:\/\/www.facebook.com\/Famanfil\/","article_modified_time":"2023-08-14T12:15:27+00:00","twitter_card":"summary_large_image","twitter_misc":{"Dur\u00e9e de lecture estim\u00e9e":"2 minutes"},"schema":{"@context":"https:\/\/schema.org","@graph":[{"@type":"WebPage","@id":"https:\/\/famanfil.com\/fr\/cookies\/","url":"https:\/\/famanfil.com\/fr\/cookies\/","name":"Cookies &mdash; Famanfil","isPartOf":{"@id":"https:\/\/famanfil.com\/#website"},"datePublished":"2021-09-13T08:08:15+00:00","dateModified":"2023-08-14T12:15:27+00:00","breadcrumb":{"@id":"https:\/\/famanfil.com\/fr\/cookies\/#breadcrumb"},"inLanguage":"fr-FR","potentialAction":[{"@type":"ReadAction","target":["https:\/\/famanfil.com\/fr\/cookies\/"]}]},{"@type":"BreadcrumbList","@id":"https:\/\/famanfil.com\/fr\/cookies\/#breadcrumb","itemListElement":[{"@type":"ListItem","position":1,"name":"In\u00edcio","item":"https:\/\/famanfil.com\/fr\/home\/"},{"@type":"ListItem","position":2,"name":"Cookies"}]},{"@type":"WebSite","@id":"https:\/\/famanfil.com\/#website","url":"https:\/\/famanfil.com\/","name":"Famanfil","description":"F\u00e1brica de manequins e mangas filtrantes","publisher":{"@id":"https:\/\/famanfil.com\/#organization"},"potentialAction":[{"@type":"SearchAction","target":{"@type":"EntryPoint","urlTemplate":"https:\/\/famanfil.com\/?s={search_term_string}"},"query-input":"required name=search_term_string"}],"inLanguage":"fr-FR"},{"@type":"Organization","@id":"https:\/\/famanfil.com\/#organization","name":"Famanfil","url":"https:\/\/famanfil.com\/","logo":{"@type":"ImageObject","inLanguage":"fr-FR","@id":"https:\/\/famanfil.com\/#\/schema\/logo\/image\/","url":"https:\/\/famanfil.com\/wp-content\/uploads\/2023\/07\/logo-blue.png","contentUrl":"https:\/\/famanfil.com\/wp-content\/uploads\/2023\/07\/logo-blue.png","width":372,"height":105,"caption":"Famanfil"},"image":{"@id":"https:\/\/famanfil.com\/#\/schema\/logo\/image\/"},"sameAs":["https:\/\/www.facebook.com\/Famanfil\/"]}]}},"_links":{"self":[{"href":"https:\/\/famanfil.com\/fr\/wp-json\/wp\/v2\/pages\/1876","targetHints":{"allow":["GET"]}}],"collection":[{"href":"https:\/\/famanfil.com\/fr\/wp-json\/wp\/v2\/pages"}],"about":[{"href":"https:\/\/famanfil.com\/fr\/wp-json\/wp\/v2\/types\/page"}],"author":[{"embeddable":true,"href":"https:\/\/famanfil.com\/fr\/wp-json\/wp\/v2\/users\/2"}],"replies":[{"embeddable":true,"href":"https:\/\/famanfil.com\/fr\/wp-json\/wp\/v2\/comments?post=1876"}],"version-history":[{"count":1,"href":"https:\/\/famanfil.com\/fr\/wp-json\/wp\/v2\/pages\/1876\/revisions"}],"predecessor-version":[{"id":1877,"href":"https:\/\/famanfil.com\/fr\/wp-json\/wp\/v2\/pages\/1876\/revisions\/1877"}],"wp:attachment":[{"href":"https:\/\/famanfil.com\/fr\/wp-json\/wp\/v2\/media?parent=1876"}],"curies":[{"name":"wp","href":"https:\/\/api.w.org\/{rel}","templated":true}]}}