{"id":1914,"date":"2023-08-08T23:23:26","date_gmt":"2023-08-08T23:23:26","guid":{"rendered":"https:\/\/famanfil.com\/alternative-dispute-resolution\/"},"modified":"2023-08-14T10:38:36","modified_gmt":"2023-08-14T10:38:36","slug":"alternative-dispute-resolution","status":"publish","type":"page","link":"https:\/\/famanfil.com\/en\/alternative-dispute-resolution\/","title":{"rendered":"Alternative Dispute Resolution"},"content":{"rendered":"\t\t<div data-elementor-type=\"wp-page\" data-elementor-id=\"1914\" class=\"elementor elementor-1914 elementor-1680\">\n\t\t\t\t\t\t\t\t\t<section class=\"elementor-section elementor-top-section elementor-element elementor-element-3af5a691 elementor-section-boxed elementor-section-height-default elementor-section-height-default\" data-id=\"3af5a691\" data-element_type=\"section\" data-settings=\"{&quot;jet_parallax_layout_list&quot;:[]}\">\n\t\t\t\t\t\t<div class=\"elementor-container elementor-column-gap-default\">\n\t\t\t\t\t<div class=\"elementor-column elementor-col-100 elementor-top-column elementor-element elementor-element-6d4c0c3\" data-id=\"6d4c0c3\" data-element_type=\"column\">\n\t\t\t<div class=\"elementor-widget-wrap elementor-element-populated\">\n\t\t\t\t\t\t\t\t<div class=\"elementor-element elementor-element-e14880b elementor-widget elementor-widget-heading\" data-id=\"e14880b\" data-element_type=\"widget\" data-widget_type=\"heading.default\">\n\t\t\t\t<div class=\"elementor-widget-container\">\n\t\t\t<style>\/*! elementor - v3.15.0 - 09-08-2023 *\/\n.elementor-heading-title{padding:0;margin:0;line-height:1}.elementor-widget-heading .elementor-heading-title[class*=elementor-size-]>a{color:inherit;font-size:inherit;line-height:inherit}.elementor-widget-heading .elementor-heading-title.elementor-size-small{font-size:15px}.elementor-widget-heading .elementor-heading-title.elementor-size-medium{font-size:19px}.elementor-widget-heading .elementor-heading-title.elementor-size-large{font-size:29px}.elementor-widget-heading .elementor-heading-title.elementor-size-xl{font-size:39px}.elementor-widget-heading .elementor-heading-title.elementor-size-xxl{font-size:59px}<\/style><h2 class=\"elementor-heading-title elementor-size-default\">Alternative Dispute Resolution<\/h2>\t\t<\/div>\n\t\t\t\t<\/div>\n\t\t\t\t<div class=\"elementor-element elementor-element-b1eeb3b elementor-widget elementor-widget-text-editor\" data-id=\"b1eeb3b\" data-element_type=\"widget\" data-widget_type=\"text-editor.default\">\n\t\t\t\t<div class=\"elementor-widget-container\">\n\t\t\t<style>\/*! elementor - v3.15.0 - 09-08-2023 *\/\n.elementor-widget-text-editor.elementor-drop-cap-view-stacked .elementor-drop-cap{background-color:#69727d;color:#fff}.elementor-widget-text-editor.elementor-drop-cap-view-framed .elementor-drop-cap{color:#69727d;border:3px solid;background-color:transparent}.elementor-widget-text-editor:not(.elementor-drop-cap-view-default) .elementor-drop-cap{margin-top:8px}.elementor-widget-text-editor:not(.elementor-drop-cap-view-default) .elementor-drop-cap-letter{width:1em;height:1em}.elementor-widget-text-editor .elementor-drop-cap{float:left;text-align:center;line-height:1;font-size:50px}.elementor-widget-text-editor .elementor-drop-cap-letter{display:inline-block}<\/style>\t\t\t\t<p>In the event of a consumer dispute, the consumer may resort to an alternative resolution entity for constant consumer disputes at:<\/p>\n<p><strong>Alternative Consumer Dispute Resolution Entities:<\/strong><\/p>\n<ul>\n<li>Centro de Arbitragem de Conflitos de Consumo de Lisboa \u2013 <a href=\"http:\/\/www.centroarbitragemlisboa.pt\/\" target=\"_blank\" rel=\"noopener\">https:\/\/www.centroarbitragemlisboa.pt\/<\/a>;<\/li>\n<li>Centro de Arbitragem de Conflitos de Consumo do Vale do Ave \u2013 <a href=\"https:\/\/www.triave.pt\/\" target=\"_blank\" rel=\"noopener\">https:\/\/www.triave.pt\/<\/a>;<\/li>\n<li>Centro de Informa\u00e7\u00e3o, Media\u00e7\u00e3o e Arbitragem de Consumo \u2013 <a href=\"https:\/\/www.centrodearbitragemdecoimbra.com\/\" target=\"_blank\" rel=\"noopener\">https:\/\/www.ciab.pt<\/a>;<\/li>\n<li>Centro de Arbitragem de Conflitos de Consumo do Distrito de Coimbra \u2013 <a href=\"http:\/\/www.centrodearbitragemdecoimbra.com\/\" target=\"_blank\" rel=\"noopener\">https:\/\/www.centrodearbitragemdecoimbra.com\/<\/a>;<\/li>\n<li>Centro de Informa\u00e7\u00e3o, Medi\u00e7\u00e3o e Arbitragem de Conflitos de Consumo do Algarve \u2013 <a href=\"https:\/\/www.consumidoronline.pt\/en\/\" target=\"_blank\" rel=\"noopener\">https:\/\/www.consumidoronline.pt\/en\/<\/a>;<\/li>\n<li>Centro de Informa\u00e7\u00e3o de Consumo e Arbitragem do Porto \u2013 <a href=\"https:\/\/www.cicap.pt\/\" target=\"_blank\" rel=\"noopener\">https:\/\/www.cicap.pt<\/a>\/;<\/li>\n<li>National Center for Information and Arbitration of Consumer Disputes (operates throughout the national territory, in areas not covered by another arbitration center with regional competence) \u2013 <a href=\"https:\/\/www.cniacc.pt\/pt\" target=\"_blank\" rel=\"noopener\">https:\/\/www.cniacc.pt\/pt<\/a>;<\/li>\n<\/ul>\n<p>For more information, see the Consumer Portal \u2013 <a href=\"https:\/\/www.consumidor.gov.pt\/\" target=\"_blank\" rel=\"noopener\">https:\/\/www.consumidor.gov.pt<\/a>.<\/p>\n\t\t\t\t\t\t<\/div>\n\t\t\t\t<\/div>\n\t\t\t\t\t<\/div>\n\t\t<\/div>\n\t\t\t\t\t\t\t<\/div>\n\t\t<\/section>\n\t\t\t\t\t\t\t<\/div>\n\t\t","protected":false},"excerpt":{"rendered":"<p>In the event of a consumer dispute, the consumer may resort to an alternative resolution entity for constant consumer disputes at: Alternative Consumer Dispute Resolution Entities: Centro de Arbitragem de Conflitos de Consumo de Lisboa \u2013 https:\/\/www.centroarbitragemlisboa.pt\/; Centro de Arbitragem de Conflitos de Consumo do Vale do Ave \u2013 https:\/\/www.triave.pt\/; Centro de Informa\u00e7\u00e3o, Media\u00e7\u00e3o e [&hellip;]<\/p>\n","protected":false},"author":1,"featured_media":0,"parent":0,"menu_order":0,"comment_status":"closed","ping_status":"closed","template":"","meta":{"footnotes":""},"class_list":["post-1914","page","type-page","status-publish","hentry"],"acf":[],"yoast_head":"<!-- This site is optimized with the Yoast SEO plugin v20.13 - https:\/\/yoast.com\/wordpress\/plugins\/seo\/ -->\n<title>Alternative Dispute Resolution &mdash; Famanfil<\/title>\n<meta name=\"robots\" content=\"index, follow, max-snippet:-1, max-image-preview:large, max-video-preview:-1\" \/>\n<link rel=\"canonical\" href=\"https:\/\/famanfil.com\/en\/alternative-dispute-resolution\/\" \/>\n<meta property=\"og:locale\" content=\"en_US\" \/>\n<meta property=\"og:type\" content=\"article\" \/>\n<meta property=\"og:title\" content=\"Alternative Dispute Resolution &mdash; Famanfil\" \/>\n<meta property=\"og:description\" content=\"In the event of a consumer dispute, the consumer may resort to an alternative resolution entity for constant consumer disputes at: Alternative Consumer Dispute Resolution Entities: Centro de Arbitragem de Conflitos de Consumo de Lisboa \u2013 https:\/\/www.centroarbitragemlisboa.pt\/; Centro de Arbitragem de Conflitos de Consumo do Vale do Ave \u2013 https:\/\/www.triave.pt\/; Centro de Informa\u00e7\u00e3o, Media\u00e7\u00e3o e [&hellip;]\" \/>\n<meta property=\"og:url\" content=\"https:\/\/famanfil.com\/en\/alternative-dispute-resolution\/\" \/>\n<meta property=\"og:site_name\" content=\"Famanfil\" \/>\n<meta property=\"article:publisher\" content=\"https:\/\/www.facebook.com\/Famanfil\/\" \/>\n<meta property=\"article:modified_time\" content=\"2023-08-14T10:38:36+00:00\" \/>\n<meta name=\"twitter:card\" content=\"summary_large_image\" \/>\n<meta name=\"twitter:label1\" content=\"Est. reading time\" \/>\n\t<meta name=\"twitter:data1\" content=\"1 minute\" \/>\n<script type=\"application\/ld+json\" class=\"yoast-schema-graph\">{\"@context\":\"https:\/\/schema.org\",\"@graph\":[{\"@type\":\"WebPage\",\"@id\":\"https:\/\/famanfil.com\/en\/alternative-dispute-resolution\/\",\"url\":\"https:\/\/famanfil.com\/en\/alternative-dispute-resolution\/\",\"name\":\"Alternative Dispute Resolution &mdash; Famanfil\",\"isPartOf\":{\"@id\":\"https:\/\/famanfil.com\/#website\"},\"datePublished\":\"2023-08-08T23:23:26+00:00\",\"dateModified\":\"2023-08-14T10:38:36+00:00\",\"breadcrumb\":{\"@id\":\"https:\/\/famanfil.com\/en\/alternative-dispute-resolution\/#breadcrumb\"},\"inLanguage\":\"en-US\",\"potentialAction\":[{\"@type\":\"ReadAction\",\"target\":[\"https:\/\/famanfil.com\/en\/alternative-dispute-resolution\/\"]}]},{\"@type\":\"BreadcrumbList\",\"@id\":\"https:\/\/famanfil.com\/en\/alternative-dispute-resolution\/#breadcrumb\",\"itemListElement\":[{\"@type\":\"ListItem\",\"position\":1,\"name\":\"In\u00edcio\",\"item\":\"https:\/\/famanfil.com\/en\/home\/\"},{\"@type\":\"ListItem\",\"position\":2,\"name\":\"Alternative Dispute Resolution\"}]},{\"@type\":\"WebSite\",\"@id\":\"https:\/\/famanfil.com\/#website\",\"url\":\"https:\/\/famanfil.com\/\",\"name\":\"Famanfil\",\"description\":\"F\u00e1brica de manequins e mangas filtrantes\",\"publisher\":{\"@id\":\"https:\/\/famanfil.com\/#organization\"},\"potentialAction\":[{\"@type\":\"SearchAction\",\"target\":{\"@type\":\"EntryPoint\",\"urlTemplate\":\"https:\/\/famanfil.com\/?s={search_term_string}\"},\"query-input\":\"required name=search_term_string\"}],\"inLanguage\":\"en-US\"},{\"@type\":\"Organization\",\"@id\":\"https:\/\/famanfil.com\/#organization\",\"name\":\"Famanfil\",\"url\":\"https:\/\/famanfil.com\/\",\"logo\":{\"@type\":\"ImageObject\",\"inLanguage\":\"en-US\",\"@id\":\"https:\/\/famanfil.com\/#\/schema\/logo\/image\/\",\"url\":\"https:\/\/famanfil.com\/wp-content\/uploads\/2023\/07\/logo-blue.png\",\"contentUrl\":\"https:\/\/famanfil.com\/wp-content\/uploads\/2023\/07\/logo-blue.png\",\"width\":372,\"height\":105,\"caption\":\"Famanfil\"},\"image\":{\"@id\":\"https:\/\/famanfil.com\/#\/schema\/logo\/image\/\"},\"sameAs\":[\"https:\/\/www.facebook.com\/Famanfil\/\"]}]}<\/script>\n<!-- \/ Yoast SEO plugin. -->","yoast_head_json":{"title":"Alternative Dispute Resolution &mdash; Famanfil","robots":{"index":"index","follow":"follow","max-snippet":"max-snippet:-1","max-image-preview":"max-image-preview:large","max-video-preview":"max-video-preview:-1"},"canonical":"https:\/\/famanfil.com\/en\/alternative-dispute-resolution\/","og_locale":"en_US","og_type":"article","og_title":"Alternative Dispute Resolution &mdash; Famanfil","og_description":"In the event of a consumer dispute, the consumer may resort to an alternative resolution entity for constant consumer disputes at: Alternative Consumer Dispute Resolution Entities: Centro de Arbitragem de Conflitos de Consumo de Lisboa \u2013 https:\/\/www.centroarbitragemlisboa.pt\/; Centro de Arbitragem de Conflitos de Consumo do Vale do Ave \u2013 https:\/\/www.triave.pt\/; Centro de Informa\u00e7\u00e3o, Media\u00e7\u00e3o e [&hellip;]","og_url":"https:\/\/famanfil.com\/en\/alternative-dispute-resolution\/","og_site_name":"Famanfil","article_publisher":"https:\/\/www.facebook.com\/Famanfil\/","article_modified_time":"2023-08-14T10:38:36+00:00","twitter_card":"summary_large_image","twitter_misc":{"Est. reading time":"1 minute"},"schema":{"@context":"https:\/\/schema.org","@graph":[{"@type":"WebPage","@id":"https:\/\/famanfil.com\/en\/alternative-dispute-resolution\/","url":"https:\/\/famanfil.com\/en\/alternative-dispute-resolution\/","name":"Alternative Dispute Resolution &mdash; Famanfil","isPartOf":{"@id":"https:\/\/famanfil.com\/#website"},"datePublished":"2023-08-08T23:23:26+00:00","dateModified":"2023-08-14T10:38:36+00:00","breadcrumb":{"@id":"https:\/\/famanfil.com\/en\/alternative-dispute-resolution\/#breadcrumb"},"inLanguage":"en-US","potentialAction":[{"@type":"ReadAction","target":["https:\/\/famanfil.com\/en\/alternative-dispute-resolution\/"]}]},{"@type":"BreadcrumbList","@id":"https:\/\/famanfil.com\/en\/alternative-dispute-resolution\/#breadcrumb","itemListElement":[{"@type":"ListItem","position":1,"name":"In\u00edcio","item":"https:\/\/famanfil.com\/en\/home\/"},{"@type":"ListItem","position":2,"name":"Alternative Dispute Resolution"}]},{"@type":"WebSite","@id":"https:\/\/famanfil.com\/#website","url":"https:\/\/famanfil.com\/","name":"Famanfil","description":"F\u00e1brica de manequins e mangas filtrantes","publisher":{"@id":"https:\/\/famanfil.com\/#organization"},"potentialAction":[{"@type":"SearchAction","target":{"@type":"EntryPoint","urlTemplate":"https:\/\/famanfil.com\/?s={search_term_string}"},"query-input":"required name=search_term_string"}],"inLanguage":"en-US"},{"@type":"Organization","@id":"https:\/\/famanfil.com\/#organization","name":"Famanfil","url":"https:\/\/famanfil.com\/","logo":{"@type":"ImageObject","inLanguage":"en-US","@id":"https:\/\/famanfil.com\/#\/schema\/logo\/image\/","url":"https:\/\/famanfil.com\/wp-content\/uploads\/2023\/07\/logo-blue.png","contentUrl":"https:\/\/famanfil.com\/wp-content\/uploads\/2023\/07\/logo-blue.png","width":372,"height":105,"caption":"Famanfil"},"image":{"@id":"https:\/\/famanfil.com\/#\/schema\/logo\/image\/"},"sameAs":["https:\/\/www.facebook.com\/Famanfil\/"]}]}},"_links":{"self":[{"href":"https:\/\/famanfil.com\/en\/wp-json\/wp\/v2\/pages\/1914","targetHints":{"allow":["GET"]}}],"collection":[{"href":"https:\/\/famanfil.com\/en\/wp-json\/wp\/v2\/pages"}],"about":[{"href":"https:\/\/famanfil.com\/en\/wp-json\/wp\/v2\/types\/page"}],"author":[{"embeddable":true,"href":"https:\/\/famanfil.com\/en\/wp-json\/wp\/v2\/users\/1"}],"replies":[{"embeddable":true,"href":"https:\/\/famanfil.com\/en\/wp-json\/wp\/v2\/comments?post=1914"}],"version-history":[{"count":1,"href":"https:\/\/famanfil.com\/en\/wp-json\/wp\/v2\/pages\/1914\/revisions"}],"predecessor-version":[{"id":1915,"href":"https:\/\/famanfil.com\/en\/wp-json\/wp\/v2\/pages\/1914\/revisions\/1915"}],"wp:attachment":[{"href":"https:\/\/famanfil.com\/en\/wp-json\/wp\/v2\/media?parent=1914"}],"curies":[{"name":"wp","href":"https:\/\/api.w.org\/{rel}","templated":true}]}}